{"id":929,"date":"2024-02-07T07:20:14","date_gmt":"2024-02-07T05:20:14","guid":{"rendered":"https:\/\/epirusmarinas.com\/?page_id=929"},"modified":"2024-05-17T19:18:22","modified_gmt":"2024-05-17T17:18:22","slug":"marina-di-sagiada","status":"publish","type":"page","link":"https:\/\/test.epirusmarinas.com\/it\/porti-turistici\/marina-di-sagiada\/","title":{"rendered":"Marina di Sagiada"},"content":{"rendered":"","protected":false},"excerpt":{"rendered":"<p>Sagiada \u00e8 un villaggio sul mare a nord di Igoumenitsa ed \u00e8 il punto pi\u00f9 vicino dell&#8217;Epiro a Corf\u00f9. Il suo rifugio turistico pu\u00f2 ospitare 64 imbarcazioni, fornendo elettricit\u00e0, acqua e 24 ore supporto per qualsiasi necessit\u00e0.<\/p>\n","protected":false},"author":2,"featured_media":910,"parent":841,"menu_order":39,"comment_status":"closed","ping_status":"closed","template":"","meta":{"_acf_changed":false,"inline_featured_image":false,"footnotes":""},"class_list":["post-929","page","type-page","status-publish","has-post-thumbnail","hentry"],"acf":[],"yoast_head":"<!-- This site is optimized with the Yoast SEO plugin v24.9 - https:\/\/yoast.com\/wordpress\/plugins\/seo\/ -->\n<title>Marina di Sagiada - Epirus Marinas<\/title>\n<meta name=\"robots\" content=\"index, follow, max-snippet:-1, max-image-preview:large, max-video-preview:-1\" \/>\n<link rel=\"canonical\" href=\"https:\/\/test.epirusmarinas.com\/it\/porti-turistici\/marina-di-sagiada\/\" \/>\n<meta property=\"og:locale\" content=\"it_IT\" \/>\n<meta property=\"og:type\" content=\"article\" \/>\n<meta property=\"og:title\" content=\"Marina di Sagiada - Epirus Marinas\" \/>\n<meta property=\"og:description\" content=\"Sagiada \u00e8 un villaggio sul mare a nord di Igoumenitsa ed \u00e8 il punto pi\u00f9 vicino dell&#039;Epiro a Corf\u00f9. Il suo rifugio turistico pu\u00f2 ospitare 64 imbarcazioni, fornendo elettricit\u00e0, acqua e 24 ore supporto per qualsiasi necessit\u00e0.\" \/>\n<meta property=\"og:url\" content=\"https:\/\/test.epirusmarinas.com\/it\/porti-turistici\/marina-di-sagiada\/\" \/>\n<meta property=\"og:site_name\" content=\"Epirus Marinas\" \/>\n<meta property=\"article:modified_time\" content=\"2024-05-17T17:18:22+00:00\" \/>\n<meta property=\"og:image\" content=\"https:\/\/test.epirusmarinas.com\/wp-content\/uploads\/2024\/04\/DJI_0115-scaled.jpg\" \/>\n\t<meta property=\"og:image:width\" content=\"2560\" \/>\n\t<meta property=\"og:image:height\" content=\"1705\" \/>\n\t<meta property=\"og:image:type\" content=\"image\/jpeg\" \/>\n<meta name=\"twitter:card\" content=\"summary_large_image\" \/>\n<meta name=\"twitter:label1\" content=\"Tempo di lettura stimato\" \/>\n\t<meta name=\"twitter:data1\" content=\"1 minuto\" \/>\n<script type=\"application\/ld+json\" class=\"yoast-schema-graph\">{\"@context\":\"https:\/\/schema.org\",\"@graph\":[{\"@type\":\"WebPage\",\"@id\":\"https:\/\/test.epirusmarinas.com\/it\/porti-turistici\/marina-di-sagiada\/\",\"url\":\"https:\/\/test.epirusmarinas.com\/it\/porti-turistici\/marina-di-sagiada\/\",\"name\":\"Marina di Sagiada - Epirus Marinas\",\"isPartOf\":{\"@id\":\"https:\/\/test.epirusmarinas.com\/it\/#website\"},\"primaryImageOfPage\":{\"@id\":\"https:\/\/test.epirusmarinas.com\/it\/porti-turistici\/marina-di-sagiada\/#primaryimage\"},\"image\":{\"@id\":\"https:\/\/test.epirusmarinas.com\/it\/porti-turistici\/marina-di-sagiada\/#primaryimage\"},\"thumbnailUrl\":\"https:\/\/test.epirusmarinas.com\/wp-content\/uploads\/2024\/04\/DJI_0115-scaled.jpg\",\"datePublished\":\"2024-02-07T05:20:14+00:00\",\"dateModified\":\"2024-05-17T17:18:22+00:00\",\"breadcrumb\":{\"@id\":\"https:\/\/test.epirusmarinas.com\/it\/porti-turistici\/marina-di-sagiada\/#breadcrumb\"},\"inLanguage\":\"it-IT\",\"potentialAction\":[{\"@type\":\"ReadAction\",\"target\":[\"https:\/\/test.epirusmarinas.com\/it\/porti-turistici\/marina-di-sagiada\/\"]}]},{\"@type\":\"ImageObject\",\"inLanguage\":\"it-IT\",\"@id\":\"https:\/\/test.epirusmarinas.com\/it\/porti-turistici\/marina-di-sagiada\/#primaryimage\",\"url\":\"https:\/\/test.epirusmarinas.com\/wp-content\/uploads\/2024\/04\/DJI_0115-scaled.jpg\",\"contentUrl\":\"https:\/\/test.epirusmarinas.com\/wp-content\/uploads\/2024\/04\/DJI_0115-scaled.jpg\",\"width\":2560,\"height\":1705},{\"@type\":\"BreadcrumbList\",\"@id\":\"https:\/\/test.epirusmarinas.com\/it\/porti-turistici\/marina-di-sagiada\/#breadcrumb\",\"itemListElement\":[{\"@type\":\"ListItem\",\"position\":1,\"name\":\"Home\",\"item\":\"https:\/\/test.epirusmarinas.com\/it\/\"},{\"@type\":\"ListItem\",\"position\":2,\"name\":\"Porti turistici\",\"item\":\"https:\/\/test.epirusmarinas.com\/it\/marinas\/\"},{\"@type\":\"ListItem\",\"position\":3,\"name\":\"Marina di Sagiada\"}]},{\"@type\":\"WebSite\",\"@id\":\"https:\/\/test.epirusmarinas.com\/it\/#website\",\"url\":\"https:\/\/test.epirusmarinas.com\/it\/\",\"name\":\"Epirus Marinas\",\"description\":\"\",\"potentialAction\":[{\"@type\":\"SearchAction\",\"target\":{\"@type\":\"EntryPoint\",\"urlTemplate\":\"https:\/\/test.epirusmarinas.com\/it\/?s={search_term_string}\"},\"query-input\":{\"@type\":\"PropertyValueSpecification\",\"valueRequired\":true,\"valueName\":\"search_term_string\"}}],\"inLanguage\":\"it-IT\"}]}<\/script>\n<!-- \/ Yoast SEO plugin. -->","yoast_head_json":{"title":"Marina di Sagiada - Epirus Marinas","robots":{"index":"index","follow":"follow","max-snippet":"max-snippet:-1","max-image-preview":"max-image-preview:large","max-video-preview":"max-video-preview:-1"},"canonical":"https:\/\/test.epirusmarinas.com\/it\/porti-turistici\/marina-di-sagiada\/","og_locale":"it_IT","og_type":"article","og_title":"Marina di Sagiada - Epirus Marinas","og_description":"Sagiada \u00e8 un villaggio sul mare a nord di Igoumenitsa ed \u00e8 il punto pi\u00f9 vicino dell'Epiro a Corf\u00f9. Il suo rifugio turistico pu\u00f2 ospitare 64 imbarcazioni, fornendo elettricit\u00e0, acqua e 24 ore supporto per qualsiasi necessit\u00e0.","og_url":"https:\/\/test.epirusmarinas.com\/it\/porti-turistici\/marina-di-sagiada\/","og_site_name":"Epirus Marinas","article_modified_time":"2024-05-17T17:18:22+00:00","og_image":[{"width":2560,"height":1705,"url":"https:\/\/test.epirusmarinas.com\/wp-content\/uploads\/2024\/04\/DJI_0115-scaled.jpg","type":"image\/jpeg"}],"twitter_card":"summary_large_image","twitter_misc":{"Tempo di lettura stimato":"1 minuto"},"schema":{"@context":"https:\/\/schema.org","@graph":[{"@type":"WebPage","@id":"https:\/\/test.epirusmarinas.com\/it\/porti-turistici\/marina-di-sagiada\/","url":"https:\/\/test.epirusmarinas.com\/it\/porti-turistici\/marina-di-sagiada\/","name":"Marina di Sagiada - Epirus Marinas","isPartOf":{"@id":"https:\/\/test.epirusmarinas.com\/it\/#website"},"primaryImageOfPage":{"@id":"https:\/\/test.epirusmarinas.com\/it\/porti-turistici\/marina-di-sagiada\/#primaryimage"},"image":{"@id":"https:\/\/test.epirusmarinas.com\/it\/porti-turistici\/marina-di-sagiada\/#primaryimage"},"thumbnailUrl":"https:\/\/test.epirusmarinas.com\/wp-content\/uploads\/2024\/04\/DJI_0115-scaled.jpg","datePublished":"2024-02-07T05:20:14+00:00","dateModified":"2024-05-17T17:18:22+00:00","breadcrumb":{"@id":"https:\/\/test.epirusmarinas.com\/it\/porti-turistici\/marina-di-sagiada\/#breadcrumb"},"inLanguage":"it-IT","potentialAction":[{"@type":"ReadAction","target":["https:\/\/test.epirusmarinas.com\/it\/porti-turistici\/marina-di-sagiada\/"]}]},{"@type":"ImageObject","inLanguage":"it-IT","@id":"https:\/\/test.epirusmarinas.com\/it\/porti-turistici\/marina-di-sagiada\/#primaryimage","url":"https:\/\/test.epirusmarinas.com\/wp-content\/uploads\/2024\/04\/DJI_0115-scaled.jpg","contentUrl":"https:\/\/test.epirusmarinas.com\/wp-content\/uploads\/2024\/04\/DJI_0115-scaled.jpg","width":2560,"height":1705},{"@type":"BreadcrumbList","@id":"https:\/\/test.epirusmarinas.com\/it\/porti-turistici\/marina-di-sagiada\/#breadcrumb","itemListElement":[{"@type":"ListItem","position":1,"name":"Home","item":"https:\/\/test.epirusmarinas.com\/it\/"},{"@type":"ListItem","position":2,"name":"Porti turistici","item":"https:\/\/test.epirusmarinas.com\/it\/marinas\/"},{"@type":"ListItem","position":3,"name":"Marina di Sagiada"}]},{"@type":"WebSite","@id":"https:\/\/test.epirusmarinas.com\/it\/#website","url":"https:\/\/test.epirusmarinas.com\/it\/","name":"Epirus Marinas","description":"","potentialAction":[{"@type":"SearchAction","target":{"@type":"EntryPoint","urlTemplate":"https:\/\/test.epirusmarinas.com\/it\/?s={search_term_string}"},"query-input":{"@type":"PropertyValueSpecification","valueRequired":true,"valueName":"search_term_string"}}],"inLanguage":"it-IT"}]}},"_links":{"self":[{"href":"https:\/\/test.epirusmarinas.com\/it\/wp-json\/wp\/v2\/pages\/929","targetHints":{"allow":["GET"]}}],"collection":[{"href":"https:\/\/test.epirusmarinas.com\/it\/wp-json\/wp\/v2\/pages"}],"about":[{"href":"https:\/\/test.epirusmarinas.com\/it\/wp-json\/wp\/v2\/types\/page"}],"author":[{"embeddable":true,"href":"https:\/\/test.epirusmarinas.com\/it\/wp-json\/wp\/v2\/users\/2"}],"replies":[{"embeddable":true,"href":"https:\/\/test.epirusmarinas.com\/it\/wp-json\/wp\/v2\/comments?post=929"}],"version-history":[{"count":8,"href":"https:\/\/test.epirusmarinas.com\/it\/wp-json\/wp\/v2\/pages\/929\/revisions"}],"predecessor-version":[{"id":1227,"href":"https:\/\/test.epirusmarinas.com\/it\/wp-json\/wp\/v2\/pages\/929\/revisions\/1227"}],"up":[{"embeddable":true,"href":"https:\/\/test.epirusmarinas.com\/it\/wp-json\/wp\/v2\/pages\/841"}],"wp:featuredmedia":[{"embeddable":true,"href":"https:\/\/test.epirusmarinas.com\/it\/wp-json\/wp\/v2\/media\/910"}],"wp:attachment":[{"href":"https:\/\/test.epirusmarinas.com\/it\/wp-json\/wp\/v2\/media?parent=929"}],"curies":[{"name":"wp","href":"https:\/\/api.w.org\/{rel}","templated":true}]}}